{"id":16,"date":"2023-04-19T10:03:41","date_gmt":"2023-04-19T10:03:41","guid":{"rendered":"https:\/\/www.appatam.com\/site\/?page_id=16"},"modified":"2023-08-03T11:54:35","modified_gmt":"2023-08-03T11:54:35","slug":"formations","status":"publish","type":"page","link":"https:\/\/www.appatam.com\/site\/formations\/","title":{"rendered":"Formations"},"content":{"rendered":"<style>.kb-row-layout-wrap.wp-block-kadence-rowlayout.kb-row-layout-id_0957b2-17{margin-top:-400px;}.kb-row-layout-id_0957b2-17 > .kt-row-column-wrap{align-content:start;}:where(.kb-row-layout-id_0957b2-17 > .kt-row-column-wrap) > .wp-block-kadence-column{justify-content:start;}.kb-row-layout-id_0957b2-17 > .kt-row-column-wrap{column-gap:var(--global-kb-gap-md, 2rem);row-gap:var(--global-kb-gap-md, 2rem);padding-top:0px;padding-bottom:var(--global-kb-spacing-xs, 1rem);grid-template-columns:minmax(0, 1fr);}.kb-row-layout-id_0957b2-17 > .kt-row-layout-overlay{opacity:0.30;}@media all and (max-width: 1024px){.kb-row-layout-id_0957b2-17 > .kt-row-column-wrap{grid-template-columns:minmax(0, 1fr);}}@media all and (max-width: 767px){.kb-row-layout-id_0957b2-17 > .kt-row-column-wrap{grid-template-columns:minmax(0, 1fr);}}<\/style><div class=\"kb-row-layout-wrap kb-row-layout-id_0957b2-17 alignfull rowformation wp-block-kadence-rowlayout\"><div class=\"kt-row-column-wrap kt-has-1-columns kt-row-layout-equal kt-tab-layout-inherit kt-mobile-layout-row kt-row-valign-top\">\n<style>.kadence-column_403b9d-e5 > .kt-inside-inner-col,.kadence-column_403b9d-e5 > .kt-inside-inner-col:before{border-top-left-radius:0px;border-top-right-radius:0px;border-bottom-right-radius:0px;border-bottom-left-radius:0px;}.kadence-column_403b9d-e5 > .kt-inside-inner-col:before{opacity:0.3;}.kadence-column_403b9d-e5{position:relative;}<\/style>\n<div class=\"wp-block-kadence-column kadence-column_403b9d-e5 sectionformation\"><div class=\"kt-inside-inner-col\"><style>.kb-image_46ba93-fc .kb-image-has-overlay:after{opacity:0.3;}<\/style>\n<figure class=\"wp-block-kadence-image kb-image_46ba93-fc alignfull size-large imagehebergement\"><img loading=\"lazy\" decoding=\"async\" width=\"1024\" height=\"683\" src=\"https:\/\/www.appatam.com\/site\/wp-content\/uploads\/2023\/07\/WhatsApp-Image-2023-07-19-at-14.16.14-1-1024x683.jpeg\" alt=\"\" class=\"kb-img wp-image-3643\" srcset=\"https:\/\/www.appatam.com\/site\/wp-content\/uploads\/2023\/07\/WhatsApp-Image-2023-07-19-at-14.16.14-1-1024x683.jpeg 1024w, https:\/\/www.appatam.com\/site\/wp-content\/uploads\/2023\/07\/WhatsApp-Image-2023-07-19-at-14.16.14-1-300x200.jpeg 300w, https:\/\/www.appatam.com\/site\/wp-content\/uploads\/2023\/07\/WhatsApp-Image-2023-07-19-at-14.16.14-1-768x512.jpeg 768w, https:\/\/www.appatam.com\/site\/wp-content\/uploads\/2023\/07\/WhatsApp-Image-2023-07-19-at-14.16.14-1.jpeg 1080w\" sizes=\"auto, (max-width: 1024px) 100vw, 1024px\" \/><\/figure>\n<\/div><\/div>\n\n<\/div><\/div>\n\n<style>.kb-row-layout-wrap.wp-block-kadence-rowlayout.kb-row-layout-id_c824bb-b4{margin-top:-20px;}.kb-row-layout-id_c824bb-b4 > .kt-row-column-wrap{align-content:start;}:where(.kb-row-layout-id_c824bb-b4 > .kt-row-column-wrap) > .wp-block-kadence-column{justify-content:start;}.kb-row-layout-id_c824bb-b4 > .kt-row-column-wrap{column-gap:var(--global-kb-gap-md, 2rem);row-gap:var(--global-kb-gap-md, 2rem);padding-top:var(--global-kb-spacing-xs, 1rem);padding-bottom:var(--global-kb-spacing-xs, 1rem);grid-template-columns:minmax(0, 1fr);}.kb-row-layout-id_c824bb-b4{background-color:#e2e2e2;}.kb-row-layout-id_c824bb-b4 > .kt-row-layout-overlay{opacity:0.30;}@media all and (max-width: 1024px){.kb-row-layout-id_c824bb-b4 > .kt-row-column-wrap{grid-template-columns:minmax(0, 1fr);}}@media all and (max-width: 767px){.kb-row-layout-id_c824bb-b4 > .kt-row-column-wrap{grid-template-columns:minmax(0, 1fr);}}<\/style><div class=\"kb-row-layout-wrap kb-row-layout-id_c824bb-b4 alignfull kt-row-has-bg titrepageformation wp-block-kadence-rowlayout\"><div class=\"kt-row-column-wrap kt-has-1-columns kt-row-layout-equal kt-tab-layout-inherit kt-mobile-layout-row kt-row-valign-top\">\n<style>.kadence-column_c28c06-f3 > .kt-inside-inner-col,.kadence-column_c28c06-f3 > .kt-inside-inner-col:before{border-top-left-radius:0px;border-top-right-radius:0px;border-bottom-right-radius:0px;border-bottom-left-radius:0px;}.kadence-column_c28c06-f3 > .kt-inside-inner-col:before{opacity:0.3;}.kadence-column_c28c06-f3{position:relative;}<\/style>\n<div class=\"wp-block-kadence-column kadence-column_c28c06-f3 sectionformation\"><div class=\"kt-inside-inner-col\"><style>.wp-block-kadence-advancedheading.kt-adv-heading_cd546f-d8, .wp-block-kadence-advancedheading.kt-adv-heading_cd546f-d8[data-kb-block=\"kb-adv-heading_cd546f-d8\"]{margin-left:var(--global-kb-spacing-5xl, 10rem);font-style:normal;text-transform:uppercase;color:#000000;}.wp-block-kadence-advancedheading.kt-adv-heading_cd546f-d8 mark, .wp-block-kadence-advancedheading.kt-adv-heading_cd546f-d8[data-kb-block=\"kb-adv-heading_cd546f-d8\"] mark{font-style:normal;color:#f76a0c;padding-top:0px;padding-right:0px;padding-bottom:0px;padding-left:0px;}<\/style>\n<h4 class=\"kt-adv-heading_cd546f-d8 paragrapheaformation wp-block-kadence-advancedheading\" data-kb-block=\"kb-adv-heading_cd546f-d8\">formation au metier du futur<\/h4>\n<\/div><\/div>\n\n<\/div><\/div>\n\n<style>.kb-row-layout-id_b0e98a-a2 > .kt-row-column-wrap{align-content:start;}:where(.kb-row-layout-id_b0e98a-a2 > .kt-row-column-wrap) > .wp-block-kadence-column{justify-content:start;}.kb-row-layout-id_b0e98a-a2 > .kt-row-column-wrap{column-gap:var(--global-kb-gap-md, 2rem);row-gap:var(--global-kb-gap-md, 2rem);padding-top:var(--global-kb-spacing-sm, 1.5rem);padding-bottom:var(--global-kb-spacing-sm, 1.5rem);grid-template-columns:minmax(0, 1fr);}.kb-row-layout-id_b0e98a-a2 > .kt-row-layout-overlay{opacity:0.30;}@media all and (max-width: 1024px){.kb-row-layout-id_b0e98a-a2 > .kt-row-column-wrap{grid-template-columns:minmax(0, 1fr);}}@media all and (max-width: 767px){.kb-row-layout-id_b0e98a-a2 > .kt-row-column-wrap{grid-template-columns:minmax(0, 1fr);}}<\/style><div class=\"kb-row-layout-wrap kb-row-layout-id_b0e98a-a2 alignnone wp-block-kadence-rowlayout\"><div class=\"kt-row-column-wrap kt-has-1-columns kt-row-layout-equal kt-tab-layout-inherit kt-mobile-layout-row kt-row-valign-top\">\n<style>.kadence-column_4b11cf-17 > .kt-inside-inner-col,.kadence-column_4b11cf-17 > .kt-inside-inner-col:before{border-top-left-radius:0px;border-top-right-radius:0px;border-bottom-right-radius:0px;border-bottom-left-radius:0px;}.kadence-column_4b11cf-17 > .kt-inside-inner-col:before{opacity:0.3;}.kadence-column_4b11cf-17{position:relative;}<\/style>\n<div class=\"wp-block-kadence-column kadence-column_4b11cf-17\"><div class=\"kt-inside-inner-col\"><style>.wp-block-kadence-advancedheading.kt-adv-heading_9de10b-2d, .wp-block-kadence-advancedheading.kt-adv-heading_9de10b-2d[data-kb-block=\"kb-adv-heading_9de10b-2d\"]{text-align:center;font-style:normal;}.wp-block-kadence-advancedheading.kt-adv-heading_9de10b-2d mark, .wp-block-kadence-advancedheading.kt-adv-heading_9de10b-2d[data-kb-block=\"kb-adv-heading_9de10b-2d\"] mark{font-style:normal;color:#f76a0c;padding-top:0px;padding-right:0px;padding-bottom:0px;padding-left:0px;}<\/style>\n<h2 class=\"kt-adv-heading_9de10b-2d wp-block-kadence-advancedheading\" data-kb-block=\"kb-adv-heading_9de10b-2d\">Proposition de formations : D\u00e9couvrez notre s\u00e9lection et sugg\u00e9rez des id\u00e9es pour des formations personnalis\u00e9es<\/h2>\n\n\n\n<p class=\"has-text-align-center\">En plus de nos formations propos\u00e9es, nous sommes ouverts \u00e0 discuter de formations personnalis\u00e9es en fonction de vos<br>besoins et int\u00e9r\u00eats. N&rsquo;h\u00e9sitez pas \u00e0 nous faire part de vos id\u00e9es pour explorer de nouvelles options.<\/p>\n<\/div><\/div>\n\n<\/div><\/div>\n\n<style>.kb-row-layout-id_ddb754-a3 > .kt-row-column-wrap{align-content:start;}:where(.kb-row-layout-id_ddb754-a3 > .kt-row-column-wrap) > .wp-block-kadence-column{justify-content:start;}.kb-row-layout-id_ddb754-a3 > .kt-row-column-wrap{column-gap:var(--global-kb-gap-md, 2rem);row-gap:var(--global-kb-gap-md, 2rem);padding-top:var(--global-kb-spacing-sm, 1.5rem);padding-bottom:var(--global-kb-spacing-sm, 1.5rem);grid-template-columns:minmax(0, 1fr);}.kb-row-layout-id_ddb754-a3 > .kt-row-layout-overlay{opacity:0.30;}@media all and (max-width: 1024px){.kb-row-layout-id_ddb754-a3 > .kt-row-column-wrap{grid-template-columns:minmax(0, 1fr);}}@media all and (max-width: 767px){.kb-row-layout-id_ddb754-a3 > .kt-row-column-wrap{grid-template-columns:minmax(0, 1fr);}}<\/style><div class=\"kb-row-layout-wrap kb-row-layout-id_ddb754-a3 aligncenter wp-block-kadence-rowlayout\"><div class=\"kt-row-column-wrap kt-has-1-columns kt-row-layout-equal kt-tab-layout-inherit kt-mobile-layout-row kt-row-valign-top\">\n<style>.kadence-column_f98ce7-c2 > .kt-inside-inner-col,.kadence-column_f98ce7-c2 > .kt-inside-inner-col:before{border-top-left-radius:0px;border-top-right-radius:0px;border-bottom-right-radius:0px;border-bottom-left-radius:0px;}.kadence-column_f98ce7-c2 > .kt-inside-inner-col:before{opacity:0.3;}.kadence-column_f98ce7-c2{position:relative;}<\/style>\n<div class=\"wp-block-kadence-column kadence-column_f98ce7-c2\"><div class=\"kt-inside-inner-col\">\n<p class=\"has-text-align-center has--font-size\"><strong><a href=\"https:\/\/simplonien-da.net\/wp-content\/uploads\/2023\/05\/CATALOGUE-FORMATION-SYSTEME-ET-METIER.pdf\">Cliquez ici<\/a><\/strong> pour t\u00e9l\u00e9charger notre catalogue de formation<\/p>\n<\/div><\/div>\n\n<\/div><\/div>\n\n<style>.kb-row-layout-id_2b03b6-bb > .kt-row-column-wrap{align-content:start;}:where(.kb-row-layout-id_2b03b6-bb > .kt-row-column-wrap) > .wp-block-kadence-column{justify-content:start;}.kb-row-layout-id_2b03b6-bb > .kt-row-column-wrap{column-gap:var(--global-kb-gap-md, 2rem);row-gap:var(--global-kb-gap-md, 2rem);padding-top:var(--global-kb-spacing-sm, 1.5rem);padding-bottom:var(--global-kb-spacing-sm, 1.5rem);grid-template-columns:repeat(3, minmax(0, 1fr));}.kb-row-layout-id_2b03b6-bb > .kt-row-layout-overlay{opacity:0.30;}@media all and (max-width: 1024px){.kb-row-layout-id_2b03b6-bb > .kt-row-column-wrap{grid-template-columns:repeat(3, minmax(0, 1fr));}}@media all and (max-width: 767px){.kb-row-layout-id_2b03b6-bb > .kt-row-column-wrap{grid-template-columns:minmax(0, 1fr);}}<\/style><div class=\"kb-row-layout-wrap kb-row-layout-id_2b03b6-bb alignnone wp-block-kadence-rowlayout\"><div class=\"kt-row-column-wrap kt-has-3-columns kt-row-layout-equal kt-tab-layout-inherit kt-mobile-layout-row kt-row-valign-top\">\n<style>.kadence-column_400590-8a > .kt-inside-inner-col,.kadence-column_400590-8a > .kt-inside-inner-col:before{border-top-left-radius:0px;border-top-right-radius:0px;border-bottom-right-radius:0px;border-bottom-left-radius:0px;}.kadence-column_400590-8a > .kt-inside-inner-col:before{opacity:0.3;}.kadence-column_400590-8a{position:relative;}<\/style>\n<div class=\"wp-block-kadence-column kadence-column_400590-8a\"><div class=\"kt-inside-inner-col\"><style>.wp-block-kadence-advancedheading.kt-adv-heading_9edc21-f5, .wp-block-kadence-advancedheading.kt-adv-heading_9edc21-f5[data-kb-block=\"kb-adv-heading_9edc21-f5\"]{text-align:center;font-style:normal;}.wp-block-kadence-advancedheading.kt-adv-heading_9edc21-f5 mark, .wp-block-kadence-advancedheading.kt-adv-heading_9edc21-f5[data-kb-block=\"kb-adv-heading_9edc21-f5\"] mark{font-style:normal;color:#f76a0c;padding-top:0px;padding-right:0px;padding-bottom:0px;padding-left:0px;}<\/style>\n<h6 class=\"kt-adv-heading_9edc21-f5 wp-block-kadence-advancedheading\" data-kb-block=\"kb-adv-heading_9edc21-f5\">FORMATION EXCEL<\/h6>\n\n\n\n<figure class=\"wp-block-image size-large\"><img decoding=\"async\" src=\"https:\/\/appatam.com\/site\/wp-content\/uploads\/2023\/05\/appatam.jpg\" alt=\"\"\/><\/figure>\n\n\n\n<p>Que vous soyez \u00e9tudiant, travailleur ind\u00e9pendant,<br>entrepreneur ou professionnel en entreprise,<br>Excel peut vous aider \u00e0 organiser et analyser vos<br>donn\u00e9es de mani\u00e8re efficace et pr\u00e9cise<\/p>\n<\/div><\/div>\n\n\n<style>.kadence-column_4fef3c-a2 > .kt-inside-inner-col,.kadence-column_4fef3c-a2 > .kt-inside-inner-col:before{border-top-left-radius:0px;border-top-right-radius:0px;border-bottom-right-radius:0px;border-bottom-left-radius:0px;}.kadence-column_4fef3c-a2 > .kt-inside-inner-col:before{opacity:0.3;}.kadence-column_4fef3c-a2{position:relative;}<\/style>\n<div class=\"wp-block-kadence-column kadence-column_4fef3c-a2\"><div class=\"kt-inside-inner-col\"><style>.wp-block-kadence-advancedheading.kt-adv-heading_0df795-98, .wp-block-kadence-advancedheading.kt-adv-heading_0df795-98[data-kb-block=\"kb-adv-heading_0df795-98\"]{font-style:normal;}.wp-block-kadence-advancedheading.kt-adv-heading_0df795-98 mark, .wp-block-kadence-advancedheading.kt-adv-heading_0df795-98[data-kb-block=\"kb-adv-heading_0df795-98\"] mark{font-style:normal;color:#f76a0c;padding-top:0px;padding-right:0px;padding-bottom:0px;padding-left:0px;}<\/style>\n<h6 class=\"kt-adv-heading_0df795-98 wp-block-kadence-advancedheading\" data-kb-block=\"kb-adv-heading_0df795-98\">FORMATION EN WORLD<\/h6>\n\n\n\n<figure class=\"wp-block-image size-large\"><img decoding=\"async\" src=\"https:\/\/appatam.com\/site\/wp-content\/uploads\/2023\/05\/appatam.jpg\" alt=\"\"\/><\/figure>\n\n\n\n<p>Que vous soyez \u00e9tudiant, travailleur ind\u00e9pendant,<br>entrepreneur ou professionnel en entreprise,<br>Excel peut vous aider \u00e0 organiser et analyser vos<br>donn\u00e9es de mani\u00e8re efficace et pr\u00e9cise<\/p>\n<\/div><\/div>\n\n\n<style>.kadence-column_b4867a-d1 > .kt-inside-inner-col,.kadence-column_b4867a-d1 > .kt-inside-inner-col:before{border-top-left-radius:0px;border-top-right-radius:0px;border-bottom-right-radius:0px;border-bottom-left-radius:0px;}.kadence-column_b4867a-d1 > .kt-inside-inner-col:before{opacity:0.3;}.kadence-column_b4867a-d1{position:relative;}<\/style>\n<div class=\"wp-block-kadence-column kadence-column_b4867a-d1\"><div class=\"kt-inside-inner-col\"><style>.wp-block-kadence-advancedheading.kt-adv-heading_b6129e-4f, .wp-block-kadence-advancedheading.kt-adv-heading_b6129e-4f[data-kb-block=\"kb-adv-heading_b6129e-4f\"]{font-style:normal;}.wp-block-kadence-advancedheading.kt-adv-heading_b6129e-4f mark, .wp-block-kadence-advancedheading.kt-adv-heading_b6129e-4f[data-kb-block=\"kb-adv-heading_b6129e-4f\"] mark{font-style:normal;color:#f76a0c;padding-top:0px;padding-right:0px;padding-bottom:0px;padding-left:0px;}<\/style>\n<h6 class=\"kt-adv-heading_b6129e-4f wp-block-kadence-advancedheading\" data-kb-block=\"kb-adv-heading_b6129e-4f\">FORMATION EN POWERPOINT<\/h6>\n\n\n\n<figure class=\"wp-block-image size-large\"><img decoding=\"async\" src=\"https:\/\/appatam.com\/site\/wp-content\/uploads\/2023\/05\/appatam.jpg\" alt=\"\"\/><\/figure>\n\n\n\n<p>Que vous soyez \u00e9tudiant, travailleur ind\u00e9pendant,<br>entrepreneur ou professionnel en entreprise,<br>Excel peut vous aider \u00e0 organiser et analyser vos<br>donn\u00e9es de mani\u00e8re efficace et pr\u00e9cise<\/p>\n<\/div><\/div>\n\n<\/div><\/div>\n\n<style>.wp-block-kadence-advancedbtn.kb-btns_60d2f7-f8{gap:var(--global-kb-gap-xs, 0.5rem );justify-content:center;align-items:center;}.kt-btns_60d2f7-f8 .kt-button{font-weight:normal;font-style:normal;}.kt-btns_60d2f7-f8 .kt-btn-wrap-0{margin-right:5px;}.wp-block-kadence-advancedbtn.kt-btns_60d2f7-f8 .kt-btn-wrap-0 .kt-button{color:#555555;border-color:#555555;}.wp-block-kadence-advancedbtn.kt-btns_60d2f7-f8 .kt-btn-wrap-0 .kt-button:hover, .wp-block-kadence-advancedbtn.kt-btns_60d2f7-f8 .kt-btn-wrap-0 .kt-button:focus{color:#ffffff;border-color:#444444;}.wp-block-kadence-advancedbtn.kt-btns_60d2f7-f8 .kt-btn-wrap-0 .kt-button::before{display:none;}.wp-block-kadence-advancedbtn.kt-btns_60d2f7-f8 .kt-btn-wrap-0 .kt-button:hover, .wp-block-kadence-advancedbtn.kt-btns_60d2f7-f8 .kt-btn-wrap-0 .kt-button:focus{background:#444444;}<\/style>\n<div class=\"wp-block-kadence-advancedbtn kb-buttons-wrap kb-btns_60d2f7-f8\"><style>ul.menu .wp-block-kadence-advancedbtn .kb-btn_9cc552-a0.kb-button{width:initial;}<\/style><span class=\"kb-button kt-button button kb-btn_9cc552-a0 kt-btn-size-standard kt-btn-width-type-auto kb-btn-global-fill kt-btn-has-text-true kt-btn-has-svg-false bouton-formulaire1 wp-block-kadence-singlebtn\"><span class=\"kt-btn-inner-text\">Vos propositions<\/span><\/span><\/div>\n\n\n<style>.kadence-column_e35889-04 > .kt-inside-inner-col,.kadence-column_e35889-04 > .kt-inside-inner-col:before{border-top-left-radius:0px;border-top-right-radius:0px;border-bottom-right-radius:0px;border-bottom-left-radius:0px;}.kadence-column_e35889-04 > .kt-inside-inner-col:before{opacity:0.3;}.kadence-column_e35889-04{position:relative;}<\/style>\n<div class=\"wp-block-kadence-column kadence-column_e35889-04 mon-formulaire1\"><div class=\"kt-inside-inner-col\">\n<div class=\"wpcf7 no-js\" id=\"wpcf7-f2162-o1\" lang=\"fr-FR\" dir=\"ltr\">\n<div class=\"screen-reader-response\"><p role=\"status\" aria-live=\"polite\" aria-atomic=\"true\"><\/p> <ul><\/ul><\/div>\n<form action=\"\/site\/wp-json\/wp\/v2\/pages\/16#wpcf7-f2162-o1\" method=\"post\" class=\"wpcf7-form init\" aria-label=\"Formulaire de contact\" novalidate=\"novalidate\" data-status=\"init\">\n<div style=\"display: none;\">\n<input type=\"hidden\" name=\"_wpcf7\" value=\"2162\" \/>\n<input type=\"hidden\" name=\"_wpcf7_version\" value=\"5.7.7\" \/>\n<input type=\"hidden\" name=\"_wpcf7_locale\" value=\"fr_FR\" \/>\n<input type=\"hidden\" name=\"_wpcf7_unit_tag\" value=\"wpcf7-f2162-o1\" \/>\n<input type=\"hidden\" name=\"_wpcf7_container_post\" value=\"0\" \/>\n<input type=\"hidden\" name=\"_wpcf7_posted_data_hash\" value=\"\" \/>\n<\/div>\n<p><label> Votre nom<br \/>\n<span class=\"wpcf7-form-control-wrap\" data-name=\"your-name\"><input size=\"40\" class=\"wpcf7-form-control wpcf7-text wpcf7-validates-as-required\" autocomplete=\"name\" aria-required=\"true\" aria-invalid=\"false\" value=\"\" type=\"text\" name=\"your-name\" \/><\/span> <\/label>\n<\/p>\n<p><label> Votre prenom<br \/>\n<span class=\"wpcf7-form-control-wrap\" data-name=\"your-lastname\"><input size=\"40\" class=\"wpcf7-form-control wpcf7-text wpcf7-validates-as-required\" aria-required=\"true\" aria-invalid=\"false\" value=\"\" type=\"text\" name=\"your-lastname\" \/><\/span> <\/label>\n<\/p>\n<p><label> Votre contact <span class=\"wpcf7-form-control-wrap\" data-name=\"tel-46\"><input size=\"40\" class=\"wpcf7-form-control wpcf7-text wpcf7-tel wpcf7-validates-as-required wpcf7-validates-as-tel contact\" aria-required=\"true\" aria-invalid=\"false\" value=\"\" type=\"tel\" name=\"tel-46\" \/><\/span><\/label>\n<\/p>\n<p><label> Votre e-mail<br \/>\n<span class=\"wpcf7-form-control-wrap\" data-name=\"your-email\"><input size=\"40\" class=\"wpcf7-form-control wpcf7-text wpcf7-email wpcf7-validates-as-required wpcf7-validates-as-email\" autocomplete=\"email\" aria-required=\"true\" aria-invalid=\"false\" value=\"\" type=\"email\" name=\"your-email\" \/><\/span> <\/label>\n<\/p>\n<p><label> Proposition<br \/>\n<span class=\"wpcf7-form-control-wrap\" data-name=\"your-subject\"><input size=\"40\" class=\"wpcf7-form-control wpcf7-text wpcf7-validates-as-required\" aria-required=\"true\" aria-invalid=\"false\" value=\"\" type=\"text\" name=\"your-subject\" \/><\/span> <\/label>\n<\/p>\n<p><input class=\"wpcf7-form-control has-spinner wpcf7-submit\" type=\"submit\" value=\"Envoyer\" \/>\n<\/p><div class=\"wpcf7-response-output\" aria-hidden=\"true\"><\/div>\n<\/form>\n<\/div>\n\n<\/div><\/div>\n","protected":false},"excerpt":{"rendered":"<p>formation au metier du futur Proposition de formations : D\u00e9couvrez notre s\u00e9lection et sugg\u00e9rez des id\u00e9es pour des formations personnalis\u00e9es En plus de nos formations propos\u00e9es, nous sommes ouverts \u00e0 discuter de formations personnalis\u00e9es en fonction de vosbesoins et int\u00e9r\u00eats. N&rsquo;h\u00e9sitez pas \u00e0 nous faire part de vos id\u00e9es pour explorer de nouvelles options. Cliquez&#8230;<\/p>\n","protected":false},"author":1,"featured_media":588,"parent":0,"menu_order":0,"comment_status":"closed","ping_status":"closed","template":"","meta":{"_kad_post_transparent":"","_kad_post_title":"hide","_kad_post_layout":"","_kad_post_sidebar_id":"","_kad_post_content_style":"","_kad_post_vertical_padding":"","_kad_post_feature":"","_kad_post_feature_position":"","_kad_post_header":false,"_kad_post_footer":false,"footnotes":""},"class_list":["post-16","page","type-page","status-publish","has-post-thumbnail","hentry"],"_links":{"self":[{"href":"https:\/\/www.appatam.com\/site\/wp-json\/wp\/v2\/pages\/16","targetHints":{"allow":["GET"]}}],"collection":[{"href":"https:\/\/www.appatam.com\/site\/wp-json\/wp\/v2\/pages"}],"about":[{"href":"https:\/\/www.appatam.com\/site\/wp-json\/wp\/v2\/types\/page"}],"author":[{"embeddable":true,"href":"https:\/\/www.appatam.com\/site\/wp-json\/wp\/v2\/users\/1"}],"replies":[{"embeddable":true,"href":"https:\/\/www.appatam.com\/site\/wp-json\/wp\/v2\/comments?post=16"}],"version-history":[{"count":161,"href":"https:\/\/www.appatam.com\/site\/wp-json\/wp\/v2\/pages\/16\/revisions"}],"predecessor-version":[{"id":3963,"href":"https:\/\/www.appatam.com\/site\/wp-json\/wp\/v2\/pages\/16\/revisions\/3963"}],"wp:featuredmedia":[{"embeddable":true,"href":"https:\/\/www.appatam.com\/site\/wp-json\/wp\/v2\/media\/588"}],"wp:attachment":[{"href":"https:\/\/www.appatam.com\/site\/wp-json\/wp\/v2\/media?parent=16"}],"curies":[{"name":"wp","href":"https:\/\/api.w.org\/{rel}","templated":true}]}}